{"id":2556,"date":"2023-07-02T13:46:03","date_gmt":"2023-07-02T11:46:03","guid":{"rendered":"https:\/\/iberikshop.com\/?page_id=2556"},"modified":"2023-07-19T19:00:12","modified_gmt":"2023-07-19T17:00:12","slug":"sobre-mi","status":"publish","type":"page","link":"https:\/\/iberikshop.com\/en\/sobre-mi\/","title":{"rendered":"ABOUT ME"},"content":{"rendered":"<div data-elementor-type=\"wp-page\" data-elementor-id=\"2556\" class=\"elementor elementor-2556\" data-elementor-post-type=\"page\">\n\t\t\t\t\t\t<section class=\"elementor-section elementor-top-section elementor-element elementor-element-47886ad elementor-section-full_width elementor-section-stretched elementor-section-height-default elementor-section-height-default\" data-id=\"47886ad\" data-element_type=\"section\" data-e-type=\"section\" data-settings=\"{&quot;stretch_section&quot;:&quot;section-stretched&quot;}\">\n\t\t\t\t\t\t<div class=\"elementor-container elementor-column-gap-default\">\n\t\t\t\t\t<div class=\"elementor-column elementor-col-50 elementor-top-column elementor-element elementor-element-f0c6956\" data-id=\"f0c6956\" data-element_type=\"column\" data-e-type=\"column\">\n\t\t\t<div class=\"elementor-widget-wrap elementor-element-populated\">\n\t\t\t\t\t\t<div class=\"elementor-element elementor-element-a2bf830 elementor-widget elementor-widget-image\" data-id=\"a2bf830\" data-element_type=\"widget\" data-e-type=\"widget\" data-settings=\"{&quot;_animation&quot;:&quot;none&quot;,&quot;_animation_delay&quot;:0}\" data-widget_type=\"image.default\">\n\t\t\t\t<div class=\"elementor-widget-container\">\n\t\t\t\t\t\t\t\t\t\t\t\t\t\t\t<img fetchpriority=\"high\" decoding=\"async\" width=\"586\" height=\"1024\" src=\"https:\/\/iberikshop.com\/wp-content\/uploads\/2023\/07\/1-1-1-586x1024.jpg\" class=\"attachment-large size-large wp-image-2801\" alt=\"\" srcset=\"https:\/\/iberikshop.com\/wp-content\/uploads\/2023\/07\/1-1-1-586x1024.jpg 586w, https:\/\/iberikshop.com\/wp-content\/uploads\/2023\/07\/1-1-1-172x300.jpg 172w, https:\/\/iberikshop.com\/wp-content\/uploads\/2023\/07\/1-1-1-768x1342.jpg 768w, https:\/\/iberikshop.com\/wp-content\/uploads\/2023\/07\/1-1-1-879x1536.jpg 879w, https:\/\/iberikshop.com\/wp-content\/uploads\/2023\/07\/1-1-1-1172x2048.jpg 1172w, https:\/\/iberikshop.com\/wp-content\/uploads\/2023\/07\/1-1-1-600x1048.jpg 600w, https:\/\/iberikshop.com\/wp-content\/uploads\/2023\/07\/1-1-1-scaled.jpg 1465w\" sizes=\"(max-width: 586px) 100vw, 586px\" \/>\t\t\t\t\t\t\t\t\t\t\t\t\t\t\t<\/div>\n\t\t\t\t<\/div>\n\t\t\t\t\t<\/div>\n\t\t<\/div>\n\t\t\t\t<div class=\"elementor-column elementor-col-50 elementor-top-column elementor-element elementor-element-a5e735e\" data-id=\"a5e735e\" data-element_type=\"column\" data-e-type=\"column\">\n\t\t\t<div class=\"elementor-widget-wrap elementor-element-populated\">\n\t\t\t\t\t\t<div class=\"elementor-element elementor-element-7499228 elementor-widget elementor-widget-text-editor\" data-id=\"7499228\" data-element_type=\"widget\" data-e-type=\"widget\" data-widget_type=\"text-editor.default\">\n\t\t\t\t<div class=\"elementor-widget-container\">\n\t\t\t\t\t\t\t\t\t<p>Who is iberi K?<\/p>\t\t\t\t\t\t\t\t<\/div>\n\t\t\t\t<\/div>\n\t\t\t\t<div class=\"elementor-element elementor-element-99cfd84 elementor-widget elementor-widget-text-editor\" data-id=\"99cfd84\" data-element_type=\"widget\" data-e-type=\"widget\" data-widget_type=\"text-editor.default\">\n\t\t\t\t<div class=\"elementor-widget-container\">\n\t\t\t\t\t\t\t\t\t<p>Iberi K is a BEING that dedicates her entire existence to the search for spiritual harmony; of the lost connection with the earth and the meaning of life. Her notebooks are translated, therefore, into an invitation to follow the same path.<\/p><p>Lover of knowledge, spirituality and nature, Iberi K, arises from a personal need to organize and capture in a physical element an entire individual being; which evolved in the creation of handmade notebooks with an exclusive design of different themes with the sole purpose and intention of connecting emotionally and above all, inspiring all kinds of beings.<\/p>\t\t\t\t\t\t\t\t<\/div>\n\t\t\t\t<\/div>\n\t\t\t\t\t<\/div>\n\t\t<\/div>\n\t\t\t\t\t<\/div>\n\t\t<\/section>\n\t\t\t\t<section class=\"elementor-section elementor-top-section elementor-element elementor-element-3cb11ea elementor-section-full_width elementor-section-stretched elementor-section-height-default elementor-section-height-default\" data-id=\"3cb11ea\" data-element_type=\"section\" data-e-type=\"section\" data-settings=\"{&quot;stretch_section&quot;:&quot;section-stretched&quot;}\">\n\t\t\t\t\t\t<div class=\"elementor-container elementor-column-gap-default\">\n\t\t\t\t\t<div class=\"elementor-column elementor-col-50 elementor-top-column elementor-element elementor-element-f63541c\" data-id=\"f63541c\" data-element_type=\"column\" data-e-type=\"column\">\n\t\t\t<div class=\"elementor-widget-wrap elementor-element-populated\">\n\t\t\t\t\t\t<div class=\"elementor-element elementor-element-4221885 elementor-widget elementor-widget-text-editor\" data-id=\"4221885\" data-element_type=\"widget\" data-e-type=\"widget\" data-widget_type=\"text-editor.default\">\n\t\t\t\t<div class=\"elementor-widget-container\">\n\t\t\t\t\t\t\t\t\t<p>My name is Sandra and I am the hands behind the notebooks<\/p>\t\t\t\t\t\t\t\t<\/div>\n\t\t\t\t<\/div>\n\t\t\t\t<div class=\"elementor-element elementor-element-f177788 elementor-widget elementor-widget-text-editor\" data-id=\"f177788\" data-element_type=\"widget\" data-e-type=\"widget\" data-widget_type=\"text-editor.default\">\n\t\t\t\t<div class=\"elementor-widget-container\">\n\t\t\t\t\t\t\t\t\t<ul><li>Granddaughter of grandparents from Malaga and Cordoba; daughter of a mother from C\u00f3rdoba and a father from Valencia; I was born in Gerona and grew up in Mallorca and as I like to say... I am 100% Iberian.<\/li><li>I love to create, my hands are always plotting something.<\/li><li>I have lived almost a decade in Scotland, in its capital Edinburgh, one of the most beautiful cities in the world.<\/li><li>Lover of arts and crafts<\/li><li>If you want to make me happy, buy me a black beer.<\/li><li>I love to eat, I consider it to be one of the best inventions of creation.<\/li><li>I always try to see beyond the obvious.<\/li><li>I love natural cosmetics, I make my own soaps and creams.<\/li><li>I do not drink coffee. I'll probably lose customers with this information, but yes, I'm one of those people who works perfectly without their morning coffee, I'll leave it there...<\/li><\/ul>\t\t\t\t\t\t\t\t<\/div>\n\t\t\t\t<\/div>\n\t\t\t\t\t<\/div>\n\t\t<\/div>\n\t\t\t\t<div class=\"elementor-column elementor-col-50 elementor-top-column elementor-element elementor-element-8b154ef\" data-id=\"8b154ef\" data-element_type=\"column\" data-e-type=\"column\">\n\t\t\t<div class=\"elementor-widget-wrap elementor-element-populated\">\n\t\t\t\t\t\t<div class=\"elementor-element elementor-element-0401b52 elementor-widget elementor-widget-image\" data-id=\"0401b52\" data-element_type=\"widget\" data-e-type=\"widget\" data-widget_type=\"image.default\">\n\t\t\t\t<div class=\"elementor-widget-container\">\n\t\t\t\t\t\t\t\t\t\t\t\t\t\t\t<img decoding=\"async\" width=\"543\" height=\"1024\" src=\"https:\/\/iberikshop.com\/wp-content\/uploads\/2023\/07\/2-1-543x1024.jpg\" class=\"attachment-large size-large wp-image-2800\" alt=\"\" srcset=\"https:\/\/iberikshop.com\/wp-content\/uploads\/2023\/07\/2-1-543x1024.jpg 543w, https:\/\/iberikshop.com\/wp-content\/uploads\/2023\/07\/2-1-159x300.jpg 159w, https:\/\/iberikshop.com\/wp-content\/uploads\/2023\/07\/2-1-768x1448.jpg 768w, https:\/\/iberikshop.com\/wp-content\/uploads\/2023\/07\/2-1-814x1536.jpg 814w, https:\/\/iberikshop.com\/wp-content\/uploads\/2023\/07\/2-1-1086x2048.jpg 1086w, https:\/\/iberikshop.com\/wp-content\/uploads\/2023\/07\/2-1-600x1132.jpg 600w, https:\/\/iberikshop.com\/wp-content\/uploads\/2023\/07\/2-1-scaled.jpg 1357w\" sizes=\"(max-width: 543px) 100vw, 543px\" \/>\t\t\t\t\t\t\t\t\t\t\t\t\t\t\t<\/div>\n\t\t\t\t<\/div>\n\t\t\t\t\t<\/div>\n\t\t<\/div>\n\t\t\t\t\t<\/div>\n\t\t<\/section>\n\t\t\t\t<section class=\"elementor-section elementor-top-section elementor-element elementor-element-e5d093b elementor-section-full_width elementor-section-stretched elementor-section-height-default elementor-section-height-default\" data-id=\"e5d093b\" data-element_type=\"section\" data-e-type=\"section\" data-settings=\"{&quot;stretch_section&quot;:&quot;section-stretched&quot;}\">\n\t\t\t\t\t\t<div class=\"elementor-container elementor-column-gap-default\">\n\t\t\t\t\t<div class=\"elementor-column elementor-col-100 elementor-top-column elementor-element elementor-element-6d22c72\" data-id=\"6d22c72\" data-element_type=\"column\" data-e-type=\"column\">\n\t\t\t<div class=\"elementor-widget-wrap elementor-element-populated\">\n\t\t\t\t\t\t\t<\/div>\n\t\t<\/div>\n\t\t\t\t\t<\/div>\n\t\t<\/section>\n\t\t\t\t<\/div>","protected":false},"excerpt":{"rendered":"<p>\u00bfQui\u00e9n es iberi K? Iberi K es un SER que dedica toda su existencia a la b\u00fasqueda de la armon\u00eda espiritual; de la conexi\u00f3n perdida con la tierra y el sentido de la vida. Sus cuadernos se traducen, por tanto, en una invitaci\u00f3n a seguir el mismo camino. Amante del conocimiento, la espiritualidad y la [&hellip;]<\/p>\n","protected":false},"author":2,"featured_media":0,"parent":0,"menu_order":0,"comment_status":"closed","ping_status":"closed","template":"","meta":{"inline_featured_image":false,"ocean_post_layout":"full-width","ocean_both_sidebars_style":"","ocean_both_sidebars_content_width":0,"ocean_both_sidebars_sidebars_width":0,"ocean_sidebar":"0","ocean_second_sidebar":"0","ocean_disable_margins":"on","ocean_add_body_class":"","ocean_shortcode_before_top_bar":"","ocean_shortcode_after_top_bar":"","ocean_shortcode_before_header":"","ocean_shortcode_after_header":"","ocean_has_shortcode":"","ocean_shortcode_after_title":"","ocean_shortcode_before_footer_widgets":"","ocean_shortcode_after_footer_widgets":"","ocean_shortcode_before_footer_bottom":"","ocean_shortcode_after_footer_bottom":"","ocean_display_top_bar":"default","ocean_display_header":"default","ocean_header_style":"","ocean_center_header_left_menu":"0","ocean_custom_header_template":"0","ocean_custom_logo":0,"ocean_custom_retina_logo":0,"ocean_custom_logo_max_width":0,"ocean_custom_logo_tablet_max_width":0,"ocean_custom_logo_mobile_max_width":0,"ocean_custom_logo_max_height":0,"ocean_custom_logo_tablet_max_height":0,"ocean_custom_logo_mobile_max_height":0,"ocean_header_custom_menu":"0","ocean_menu_typo_font_family":"0","ocean_menu_typo_font_subset":"","ocean_menu_typo_font_size":0,"ocean_menu_typo_font_size_tablet":0,"ocean_menu_typo_font_size_mobile":0,"ocean_menu_typo_font_size_unit":"px","ocean_menu_typo_font_weight":"","ocean_menu_typo_font_weight_tablet":"","ocean_menu_typo_font_weight_mobile":"","ocean_menu_typo_transform":"","ocean_menu_typo_transform_tablet":"","ocean_menu_typo_transform_mobile":"","ocean_menu_typo_line_height":0,"ocean_menu_typo_line_height_tablet":0,"ocean_menu_typo_line_height_mobile":0,"ocean_menu_typo_line_height_unit":"","ocean_menu_typo_spacing":0,"ocean_menu_typo_spacing_tablet":0,"ocean_menu_typo_spacing_mobile":0,"ocean_menu_typo_spacing_unit":"","ocean_menu_link_color":"","ocean_menu_link_color_hover":"","ocean_menu_link_color_active":"","ocean_menu_link_background":"","ocean_menu_link_hover_background":"","ocean_menu_link_active_background":"","ocean_menu_social_links_bg":"","ocean_menu_social_hover_links_bg":"","ocean_menu_social_links_color":"","ocean_menu_social_hover_links_color":"","ocean_disable_title":"on","ocean_disable_heading":"default","ocean_post_title":"","ocean_post_subheading":"","ocean_post_title_style":"","ocean_post_title_background_color":"","ocean_post_title_background":0,"ocean_post_title_bg_image_position":"","ocean_post_title_bg_image_attachment":"","ocean_post_title_bg_image_repeat":"","ocean_post_title_bg_image_size":"","ocean_post_title_height":0,"ocean_post_title_bg_overlay":0.5,"ocean_post_title_bg_overlay_color":"","ocean_disable_breadcrumbs":"default","ocean_breadcrumbs_color":"","ocean_breadcrumbs_separator_color":"","ocean_breadcrumbs_links_color":"","ocean_breadcrumbs_links_hover_color":"","ocean_display_footer_widgets":"off","ocean_display_footer_bottom":"default","ocean_custom_footer_template":"0","footnotes":""},"class_list":["post-2556","page","type-page","status-publish","hentry","entry","owp-thumbs-layout-horizontal","owp-btn-normal","owp-tabs-layout-horizontal","has-no-thumbnails","has-product-nav"],"jetpack_sharing_enabled":true,"_links":{"self":[{"href":"https:\/\/iberikshop.com\/en\/wp-json\/wp\/v2\/pages\/2556","targetHints":{"allow":["GET"]}}],"collection":[{"href":"https:\/\/iberikshop.com\/en\/wp-json\/wp\/v2\/pages"}],"about":[{"href":"https:\/\/iberikshop.com\/en\/wp-json\/wp\/v2\/types\/page"}],"author":[{"embeddable":true,"href":"https:\/\/iberikshop.com\/en\/wp-json\/wp\/v2\/users\/2"}],"replies":[{"embeddable":true,"href":"https:\/\/iberikshop.com\/en\/wp-json\/wp\/v2\/comments?post=2556"}],"version-history":[{"count":134,"href":"https:\/\/iberikshop.com\/en\/wp-json\/wp\/v2\/pages\/2556\/revisions"}],"predecessor-version":[{"id":2872,"href":"https:\/\/iberikshop.com\/en\/wp-json\/wp\/v2\/pages\/2556\/revisions\/2872"}],"wp:attachment":[{"href":"https:\/\/iberikshop.com\/en\/wp-json\/wp\/v2\/media?parent=2556"}],"curies":[{"name":"wp","href":"https:\/\/api.w.org\/{rel}","templated":true}]}}