{"id":2647,"date":"2023-07-02T15:27:47","date_gmt":"2023-07-02T13:27:47","guid":{"rendered":"https:\/\/iberikshop.com\/?page_id=2647"},"modified":"2023-07-04T20:11:21","modified_gmt":"2023-07-04T18:11:21","slug":"envio-y-devoluciones","status":"publish","type":"page","link":"https:\/\/iberikshop.com\/en\/envio-y-devoluciones\/","title":{"rendered":"Env\u00edos y devoluciones"},"content":{"rendered":"<p>Pol\u00edtica de reembolso<\/p>\n\n\n\n<p>Aceptamos devoluciones y cambios.<\/p>\n\n\n\n<p>Devoluciones<\/p>\n\n\n\n<p>Nuestra pol\u00edtica tiene una duraci\u00f3n de 15 d\u00edas despu\u00e9s de la entrega. Si han pasado 15 d\u00edas desde que se entreg\u00f3 su compra, lamentablemente no podemos ofrecerle un reembolso o cambio.<\/p>\n\n\n\n<p>Para ser elegible para una devoluci\u00f3n, su art\u00edculo debe estar sin usar y en las mismas condiciones en que lo recibi\u00f3. Tambi\u00e9n debe estar en el embalaje original.<\/p>\n\n\n\n<p>Para completar su devoluci\u00f3n, requerimos un recibo o comprobante de compra.<\/p>\n\n\n\n<p>Reembolsos (si corresponde)<\/p>\n\n\n\n<p>Una vez que se reciba e inspeccione su devoluci\u00f3n, le enviaremos un correo electr\u00f3nico para notificarle que hemos recibido su art\u00edculo devuelto. Tambi\u00e9n le notificaremos la aprobaci\u00f3n o rechazo de su reembolso.<\/p>\n\n\n\n<p>Si se aprueba, se procesar\u00e1 su reembolso y se aplicar\u00e1 autom\u00e1ticamente un cr\u00e9dito a su tarjeta de cr\u00e9dito o m\u00e9todo de pago original, dentro de los 8 d\u00edas.<\/p>\n\n\n\n<p>Reembolsos atrasados \u200b\u200bo faltantes (si corresponde)<\/p>\n\n\n\n<p>Si a\u00fan no ha recibido un reembolso, primero verifique su cuenta bancaria nuevamente.<\/p>\n\n\n\n<p>Luego, comun\u00edquese con la compa\u00f1\u00eda de su tarjeta de cr\u00e9dito, puede tomar alg\u00fan tiempo antes de que se publique oficialmente su reembolso.<\/p>\n\n\n\n<p>Entonces p\u00f3ngase en contacto con su banco. A menudo hay alg\u00fan tiempo de procesamiento antes de que se publique un reembolso.<\/p>\n\n\n\n<p>Si ha hecho todo esto y a\u00fan no ha recibido su reembolso, cont\u00e1ctenos en info@iberikshop.com<\/p>\n\n\n\n<p>Intercambios (si corresponde)<\/p>\n\n\n\n<p>Solo reemplazamos art\u00edculos si est\u00e1n defectuosos o da\u00f1ados (marcas o imperfecciones en el cuero de nuestros productos, en ning\u00fan caso se aceptar\u00e1 como art\u00edculo defectuoso o da\u00f1ado). Si necesita cambiarlo por el mismo art\u00edculo, env\u00edenos un correo electr\u00f3nico a info@iberikshop.com y le proporcionaremos la direcci\u00f3n para enviar su art\u00edculo.<\/p>\n\n\n\n<p>Cancelar pedidos.<\/p>\n\n\n\n<p>Los pedidos pueden cancelarse solo durante el per\u00edodo de procesamiento de su pedido. Para ello, debe enviarnos un correo electr\u00f3nico a  info@iberikshop.com. No se aceptar\u00e1n cancelaciones una vez enviado el pedido.<\/p>\n\n\n\n<p>Env\u00edo<\/p>\n\n\n\n<p>Para devolver su producto, p\u00f3ngase en contacto con nosotros a trav\u00e9s de info@iberikshop.com o +34 744 722 426 y le proporcionaremos la direcci\u00f3n a la que debe enviar su producto.<\/p>\n\n\n\n<p>Usted ser\u00e1 responsable de pagar sus propios gastos de env\u00edo para la devoluci\u00f3n de su art\u00edculo. Los gastos de env\u00edo no son reembolsables. Si recibe un reembolso, el costo del env\u00edo de devoluci\u00f3n se deducir\u00e1 de su reembolso.<\/p>\n\n\n\n<p>Dependiendo de d\u00f3nde viva, el tiempo que puede tardar en llegarle el producto intercambiado puede variar.<\/p>\n\n\n\n<p>Aranceles y derechos de aduana<\/p>\n\n\n\n<p>Usted ser\u00e1 responsable de pagar los aranceles y aranceles aduaneros aplicables. No me hago responsable de los retrasos debidos a los tr\u00e1mites aduaneros.<\/p>","protected":false},"excerpt":{"rendered":"<p>Pol\u00edtica de reembolso Aceptamos devoluciones y cambios. Devoluciones Nuestra pol\u00edtica tiene una duraci\u00f3n de 15 d\u00edas despu\u00e9s de la entrega. Si han pasado 15 d\u00edas desde que se entreg\u00f3 su compra, lamentablemente no podemos ofrecerle un reembolso o cambio. Para ser elegible para una devoluci\u00f3n, su art\u00edculo debe estar sin usar y en las mismas [&hellip;]<\/p>\n","protected":false},"author":2,"featured_media":0,"parent":0,"menu_order":0,"comment_status":"closed","ping_status":"closed","template":"","meta":{"inline_featured_image":false,"ocean_post_layout":"full-width","ocean_both_sidebars_style":"","ocean_both_sidebars_content_width":0,"ocean_both_sidebars_sidebars_width":0,"ocean_sidebar":"0","ocean_second_sidebar":"0","ocean_disable_margins":"enable","ocean_add_body_class":"","ocean_shortcode_before_top_bar":"","ocean_shortcode_after_top_bar":"","ocean_shortcode_before_header":"","ocean_shortcode_after_header":"","ocean_has_shortcode":"","ocean_shortcode_after_title":"","ocean_shortcode_before_footer_widgets":"","ocean_shortcode_after_footer_widgets":"","ocean_shortcode_before_footer_bottom":"","ocean_shortcode_after_footer_bottom":"","ocean_display_top_bar":"default","ocean_display_header":"default","ocean_header_style":"","ocean_center_header_left_menu":"0","ocean_custom_header_template":"0","ocean_custom_logo":0,"ocean_custom_retina_logo":0,"ocean_custom_logo_max_width":0,"ocean_custom_logo_tablet_max_width":0,"ocean_custom_logo_mobile_max_width":0,"ocean_custom_logo_max_height":0,"ocean_custom_logo_tablet_max_height":0,"ocean_custom_logo_mobile_max_height":0,"ocean_header_custom_menu":"0","ocean_menu_typo_font_family":"0","ocean_menu_typo_font_subset":"","ocean_menu_typo_font_size":0,"ocean_menu_typo_font_size_tablet":0,"ocean_menu_typo_font_size_mobile":0,"ocean_menu_typo_font_size_unit":"px","ocean_menu_typo_font_weight":"","ocean_menu_typo_font_weight_tablet":"","ocean_menu_typo_font_weight_mobile":"","ocean_menu_typo_transform":"","ocean_menu_typo_transform_tablet":"","ocean_menu_typo_transform_mobile":"","ocean_menu_typo_line_height":0,"ocean_menu_typo_line_height_tablet":0,"ocean_menu_typo_line_height_mobile":0,"ocean_menu_typo_line_height_unit":"","ocean_menu_typo_spacing":0,"ocean_menu_typo_spacing_tablet":0,"ocean_menu_typo_spacing_mobile":0,"ocean_menu_typo_spacing_unit":"","ocean_menu_link_color":"","ocean_menu_link_color_hover":"","ocean_menu_link_color_active":"","ocean_menu_link_background":"","ocean_menu_link_hover_background":"","ocean_menu_link_active_background":"","ocean_menu_social_links_bg":"","ocean_menu_social_hover_links_bg":"","ocean_menu_social_links_color":"","ocean_menu_social_hover_links_color":"","ocean_disable_title":"enable","ocean_disable_heading":"default","ocean_post_title":"","ocean_post_subheading":"","ocean_post_title_style":"","ocean_post_title_background_color":"","ocean_post_title_background":0,"ocean_post_title_bg_image_position":"","ocean_post_title_bg_image_attachment":"","ocean_post_title_bg_image_repeat":"","ocean_post_title_bg_image_size":"","ocean_post_title_height":0,"ocean_post_title_bg_overlay":0.5,"ocean_post_title_bg_overlay_color":"","ocean_disable_breadcrumbs":"off","ocean_breadcrumbs_color":"","ocean_breadcrumbs_separator_color":"","ocean_breadcrumbs_links_color":"","ocean_breadcrumbs_links_hover_color":"","ocean_display_footer_widgets":"off","ocean_display_footer_bottom":"default","ocean_custom_footer_template":"0","footnotes":""},"class_list":["post-2647","page","type-page","status-publish","hentry","entry","owp-thumbs-layout-horizontal","owp-btn-normal","owp-tabs-layout-horizontal","has-no-thumbnails","has-product-nav"],"jetpack_sharing_enabled":true,"_links":{"self":[{"href":"https:\/\/iberikshop.com\/en\/wp-json\/wp\/v2\/pages\/2647","targetHints":{"allow":["GET"]}}],"collection":[{"href":"https:\/\/iberikshop.com\/en\/wp-json\/wp\/v2\/pages"}],"about":[{"href":"https:\/\/iberikshop.com\/en\/wp-json\/wp\/v2\/types\/page"}],"author":[{"embeddable":true,"href":"https:\/\/iberikshop.com\/en\/wp-json\/wp\/v2\/users\/2"}],"replies":[{"embeddable":true,"href":"https:\/\/iberikshop.com\/en\/wp-json\/wp\/v2\/comments?post=2647"}],"version-history":[{"count":3,"href":"https:\/\/iberikshop.com\/en\/wp-json\/wp\/v2\/pages\/2647\/revisions"}],"predecessor-version":[{"id":2933,"href":"https:\/\/iberikshop.com\/en\/wp-json\/wp\/v2\/pages\/2647\/revisions\/2933"}],"wp:attachment":[{"href":"https:\/\/iberikshop.com\/en\/wp-json\/wp\/v2\/media?parent=2647"}],"curies":[{"name":"wp","href":"https:\/\/api.w.org\/{rel}","templated":true}]}}